{"id":599,"date":"2026-05-15T12:07:25","date_gmt":"2026-05-15T11:07:25","guid":{"rendered":"https:\/\/deafstudiestrust.org\/?page_id=599"},"modified":"2026-05-15T12:07:25","modified_gmt":"2026-05-15T11:07:25","slug":"french-text-of-the-snowman-story","status":"publish","type":"page","link":"https:\/\/deafstudiestrust.org\/?page_id=599","title":{"rendered":"French text of the Snowman story"},"content":{"rendered":"\n<p><span style=\"white-space: normal; caret-color: rgb(102, 102, 102); color: rgb(102, 102, 102); font-family: DuckSansDisplay, -apple-system, BlinkMacSystemFont, &quot;Segoe UI&quot;, Roboto, Oxygen-Sans, Ubuntu, Cantarell, &quot;Helvetica Neue&quot;, Arial, &quot;Noto Sans&quot;, sans-serif; letter-spacing: -0.2px; background-color: rgb(247, 247, 247);\">C&#8217;\u00e9tait une nuit d&#8217;hiver froide, tr\u00e8s froide. Dans un cottage \u00e0 la campagne, cach\u00e9 sous les collines, un petit gar\u00e7on dormait. La neige commen\u00e7a \u00e0 tomber, d&#8217;abord l\u00e9g\u00e8rement, puis avec d&#8217;\u00e9normes flocons qui commen\u00e7aient \u00e0 se d\u00e9poser au sol. <\/span><\/p>\n\n\n\n<p><span style=\"white-space: normal; caret-color: rgb(102, 102, 102); color: rgb(102, 102, 102); font-family: DuckSansDisplay, -apple-system, BlinkMacSystemFont, &quot;Segoe UI&quot;, Roboto, Oxygen-Sans, Ubuntu, Cantarell, &quot;Helvetica Neue&quot;, Arial, &quot;Noto Sans&quot;, sans-serif; letter-spacing: -0.2px; background-color: rgb(247, 247, 247);\">Au lever du jour, le petit gar\u00e7on se retourna, b\u00e2illa et s&#8217;assit. Il courut vers la fen\u00eatre et regarda dehors. Tout \u00e9tait couvert de neige. \u2013 le jardin, les champs et les collines lointaines.<\/span><\/p>\n\n\n\n<p><a href=\"https:\/\/deafstudiestrust.org\/?page_id=552\" data-type=\"page\" data-id=\"552\">English text<\/a><\/p>\n\n\n\n<p><a href=\"https:\/\/deafstudiestrust.org\/?page_id=537\" data-type=\"page\" data-id=\"537\">The snowman<\/a><\/p>\n\n\n\n<p>At first light of morning, the little boy turned over, yawned and sat up .&nbsp;&nbsp;He ran to the window and looked out.&nbsp;&nbsp;Everything was covered in snow. \u2013 the garden, the fields and the distant hills.<\/p>\n","protected":false},"excerpt":{"rendered":"<p>C&#8217;\u00e9tait une nuit d&#8217;hiver froide, tr\u00e8s froide. Dans un cottage \u00e0 la campagne, cach\u00e9 sous les collines, un petit gar\u00e7on dormait. La neige commen\u00e7a \u00e0 tomber, d&#8217;abord l\u00e9g\u00e8rement, puis avec d&#8217;\u00e9normes flocons qui commen\u00e7aient \u00e0 se d\u00e9poser au sol. Au lever du jour, le petit gar\u00e7on se retourna, b\u00e2illa et s&#8217;assit. Il courut vers la [&hellip;]<\/p>\n","protected":false},"author":1,"featured_media":0,"parent":0,"menu_order":0,"comment_status":"closed","ping_status":"closed","template":"","meta":{"footnotes":""},"class_list":["post-599","page","type-page","status-publish","hentry"],"_links":{"self":[{"href":"https:\/\/deafstudiestrust.org\/index.php?rest_route=\/wp\/v2\/pages\/599","targetHints":{"allow":["GET"]}}],"collection":[{"href":"https:\/\/deafstudiestrust.org\/index.php?rest_route=\/wp\/v2\/pages"}],"about":[{"href":"https:\/\/deafstudiestrust.org\/index.php?rest_route=\/wp\/v2\/types\/page"}],"author":[{"embeddable":true,"href":"https:\/\/deafstudiestrust.org\/index.php?rest_route=\/wp\/v2\/users\/1"}],"replies":[{"embeddable":true,"href":"https:\/\/deafstudiestrust.org\/index.php?rest_route=%2Fwp%2Fv2%2Fcomments&post=599"}],"version-history":[{"count":1,"href":"https:\/\/deafstudiestrust.org\/index.php?rest_route=\/wp\/v2\/pages\/599\/revisions"}],"predecessor-version":[{"id":605,"href":"https:\/\/deafstudiestrust.org\/index.php?rest_route=\/wp\/v2\/pages\/599\/revisions\/605"}],"wp:attachment":[{"href":"https:\/\/deafstudiestrust.org\/index.php?rest_route=%2Fwp%2Fv2%2Fmedia&parent=599"}],"curies":[{"name":"wp","href":"https:\/\/api.w.org\/{rel}","templated":true}]}}